{"id":85,"date":"2023-10-10T04:17:29","date_gmt":"2023-10-10T04:17:29","guid":{"rendered":"https:\/\/isollanta.com\/?page_id=85"},"modified":"2026-02-23T16:38:05","modified_gmt":"2026-02-23T16:38:05","slug":"la-empresa","status":"publish","type":"page","link":"https:\/\/isollanta.com\/?page_id=85","title":{"rendered":"LA EMPRESA"},"content":{"rendered":"\t\t<div data-elementor-type=\"wp-page\" data-elementor-id=\"85\" class=\"elementor elementor-85\" data-elementor-post-type=\"page\">\n\t\t\t\t<div class=\"elementor-element elementor-element-f05fe4e e-flex e-con-boxed e-con e-parent\" data-id=\"f05fe4e\" data-element_type=\"container\" data-e-type=\"container\" data-settings=\"{&quot;background_background&quot;:&quot;video&quot;,&quot;background_video_link&quot;:&quot;https:\\\/\\\/youtu.be\\\/YotTF_UvR7E&quot;,&quot;background_video_start&quot;:4,&quot;background_video_end&quot;:1000}\">\n\t\t\t\t\t<div class=\"e-con-inner\">\n\t\t<div class=\"elementor-background-video-container elementor-hidden-mobile\">\n\t\t\t\t\t\t\t<div class=\"elementor-background-video-embed\" role=\"presentation\"><\/div>\n\t\t\t\t\t\t<\/div>\t\t\t<\/div>\n\t\t\t\t<\/div>\n\t\t<div class=\"elementor-element elementor-element-33c2066 e-flex e-con-boxed e-con e-parent\" data-id=\"33c2066\" data-element_type=\"container\" data-e-type=\"container\">\n\t\t\t\t\t<div class=\"e-con-inner\">\n\t\t\t\t<div class=\"elementor-element elementor-element-d54f8b2 elementor-widget elementor-widget-heading\" data-id=\"d54f8b2\" data-element_type=\"widget\" data-e-type=\"widget\" data-widget_type=\"heading.default\">\n\t\t\t\t<div class=\"elementor-widget-container\">\n\t\t\t\t\t<h3 class=\"elementor-heading-title elementor-size-default\">\u00bfQUI\u00c9NES SOMOS?<\/h3>\t\t\t\t<\/div>\n\t\t\t\t<\/div>\n\t\t\t\t<div class=\"elementor-element elementor-element-b20406a elementor-widget-divider--view-line elementor-widget elementor-widget-divider\" data-id=\"b20406a\" data-element_type=\"widget\" data-e-type=\"widget\" data-widget_type=\"divider.default\">\n\t\t\t\t<div class=\"elementor-widget-container\">\n\t\t\t\t\t\t\t<div class=\"elementor-divider\">\n\t\t\t<span class=\"elementor-divider-separator\">\n\t\t\t\t\t\t<\/span>\n\t\t<\/div>\n\t\t\t\t\t\t<\/div>\n\t\t\t\t<\/div>\n\t\t\t\t\t<\/div>\n\t\t\t\t<\/div>\n\t\t<div class=\"elementor-element elementor-element-766263a e-flex e-con-boxed e-con e-parent\" data-id=\"766263a\" data-element_type=\"container\" data-e-type=\"container\">\n\t\t\t\t\t<div class=\"e-con-inner\">\n\t\t\t\t<div class=\"elementor-element elementor-element-2583c59 elementor-widget elementor-widget-heading\" data-id=\"2583c59\" data-element_type=\"widget\" data-e-type=\"widget\" data-widget_type=\"heading.default\">\n\t\t\t\t<div class=\"elementor-widget-container\">\n\t\t\t\t\t<h3 class=\"elementor-heading-title elementor-size-default\">Isollanta es una empresa con m\u00e1s de 30 a\u00f1os en el mercado. Somos especialistas en reencauche de todo tipo de neum\u00e1ticos. Actualmente pioneros y \u00fanicos con tecnolog\u00eda para reencauche y reparaci\u00f3n de llantas gigantes OTR de miner\u00eda, construcci\u00f3n, industriales, agr\u00edcolas y todo tipo de veh\u00edculos en Ecuador.<\/h3>\t\t\t\t<\/div>\n\t\t\t\t<\/div>\n\t\t\t\t\t<\/div>\n\t\t\t\t<\/div>\n\t\t<div class=\"elementor-element elementor-element-942e0ef e-flex e-con-boxed e-con e-parent\" data-id=\"942e0ef\" data-element_type=\"container\" data-e-type=\"container\">\n\t\t\t\t\t<div class=\"e-con-inner\">\n\t\t<div class=\"elementor-element elementor-element-fb58932 e-con-full e-flex e-con e-child\" data-id=\"fb58932\" data-element_type=\"container\" data-e-type=\"container\">\n\t\t\t\t<div class=\"elementor-element elementor-element-c91c1f5 elementor-widget elementor-widget-image\" data-id=\"c91c1f5\" data-element_type=\"widget\" data-e-type=\"widget\" data-widget_type=\"image.default\">\n\t\t\t\t<div class=\"elementor-widget-container\">\n\t\t\t\t\t\t\t\t\t\t\t\t\t\t\t<img fetchpriority=\"high\" decoding=\"async\" width=\"682\" height=\"1024\" src=\"https:\/\/isollanta.com\/wp-content\/uploads\/2024\/10\/pexels-zaiwizi-9529407-682x1024.jpg\" class=\"attachment-large size-large wp-image-1355\" alt=\"\" srcset=\"https:\/\/isollanta.com\/wp-content\/uploads\/2024\/10\/pexels-zaiwizi-9529407-682x1024.jpg 682w, https:\/\/isollanta.com\/wp-content\/uploads\/2024\/10\/pexels-zaiwizi-9529407-200x300.jpg 200w, https:\/\/isollanta.com\/wp-content\/uploads\/2024\/10\/pexels-zaiwizi-9529407-768x1154.jpg 768w, https:\/\/isollanta.com\/wp-content\/uploads\/2024\/10\/pexels-zaiwizi-9529407-1022x1536.jpg 1022w, https:\/\/isollanta.com\/wp-content\/uploads\/2024\/10\/pexels-zaiwizi-9529407-1363x2048.jpg 1363w, https:\/\/isollanta.com\/wp-content\/uploads\/2024\/10\/pexels-zaiwizi-9529407-scaled.jpg 1704w\" sizes=\"(max-width: 682px) 100vw, 682px\" \/>\t\t\t\t\t\t\t\t\t\t\t\t\t\t\t<\/div>\n\t\t\t\t<\/div>\n\t\t\t\t<\/div>\n\t\t<div class=\"elementor-element elementor-element-1376e0d e-con-full e-flex e-con e-child\" data-id=\"1376e0d\" data-element_type=\"container\" data-e-type=\"container\">\n\t\t\t\t<div class=\"elementor-element elementor-element-4056d19 elementor-widget__width-initial elementor-widget elementor-widget-image\" data-id=\"4056d19\" data-element_type=\"widget\" data-e-type=\"widget\" data-widget_type=\"image.default\">\n\t\t\t\t<div class=\"elementor-widget-container\">\n\t\t\t\t\t\t\t\t\t\t\t\t\t\t\t<img decoding=\"async\" width=\"576\" height=\"1024\" src=\"https:\/\/isollanta.com\/wp-content\/uploads\/2024\/10\/Sin-titulo-2-576x1024.jpg\" class=\"attachment-large size-large wp-image-1357\" alt=\"\" srcset=\"https:\/\/isollanta.com\/wp-content\/uploads\/2024\/10\/Sin-titulo-2-576x1024.jpg 576w, https:\/\/isollanta.com\/wp-content\/uploads\/2024\/10\/Sin-titulo-2-169x300.jpg 169w, https:\/\/isollanta.com\/wp-content\/uploads\/2024\/10\/Sin-titulo-2-768x1365.jpg 768w, https:\/\/isollanta.com\/wp-content\/uploads\/2024\/10\/Sin-titulo-2-864x1536.jpg 864w, https:\/\/isollanta.com\/wp-content\/uploads\/2024\/10\/Sin-titulo-2.jpg 1080w\" sizes=\"(max-width: 576px) 100vw, 576px\" \/>\t\t\t\t\t\t\t\t\t\t\t\t\t\t\t<\/div>\n\t\t\t\t<\/div>\n\t\t\t\t<\/div>\n\t\t<div class=\"elementor-element elementor-element-48304f6 e-con-full e-flex e-con e-child\" data-id=\"48304f6\" data-element_type=\"container\" data-e-type=\"container\" data-settings=\"{&quot;background_background&quot;:&quot;classic&quot;}\">\n\t\t\t\t<div class=\"elementor-element elementor-element-6bafa94 elementor-widget elementor-widget-text-editor\" data-id=\"6bafa94\" data-element_type=\"widget\" data-e-type=\"widget\" data-widget_type=\"text-editor.default\">\n\t\t\t\t<div class=\"elementor-widget-container\">\n\t\t\t\t\t\t\t\t\t<h3 style=\"text-align: center;\"><span style=\"color: #ffffff;\">MISI\u00d3N<\/span><\/h3><p style=\"text-align: center;\"><span style=\"color: #ffffff;\">Servir al mercado automotriz con una alternativa de llantas reencauchadas de \u00f3ptima calidad y costo razonable; operar con respeto al medio ambiente y lograr una rentabilidad sostenible en el tiempo.<\/span><\/p>\t\t\t\t\t\t\t\t<\/div>\n\t\t\t\t<\/div>\n\t\t\t\t<\/div>\n\t\t<div class=\"elementor-element elementor-element-df46218 e-con-full e-flex e-con e-child\" data-id=\"df46218\" data-element_type=\"container\" data-e-type=\"container\" data-settings=\"{&quot;background_background&quot;:&quot;classic&quot;}\">\n\t\t\t\t<div class=\"elementor-element elementor-element-564fd40 elementor-widget elementor-widget-text-editor\" data-id=\"564fd40\" data-element_type=\"widget\" data-e-type=\"widget\" data-widget_type=\"text-editor.default\">\n\t\t\t\t<div class=\"elementor-widget-container\">\n\t\t\t\t\t\t\t\t\t<h3 style=\"text-align: center;\"><span style=\"color: #ffffff;\">VISI\u00d3N\u00a0<\/span><\/h3><p style=\"text-align: center;\"><span style=\"color: #ffffff;\">Liderazgo a trav\u00e9s de clientes satisfechos.<\/span><\/p>\t\t\t\t\t\t\t\t<\/div>\n\t\t\t\t<\/div>\n\t\t\t\t<\/div>\n\t\t\t\t\t<\/div>\n\t\t\t\t<\/div>\n\t\t<div class=\"elementor-element elementor-element-064e764 e-con-full e-flex e-con e-parent\" data-id=\"064e764\" data-element_type=\"container\" data-e-type=\"container\" data-settings=\"{&quot;background_background&quot;:&quot;classic&quot;}\">\n\t\t\t\t<div class=\"elementor-element elementor-element-94f43ed elementor-widget elementor-widget-text-editor\" data-id=\"94f43ed\" data-element_type=\"widget\" data-e-type=\"widget\" data-widget_type=\"text-editor.default\">\n\t\t\t\t<div class=\"elementor-widget-container\">\n\t\t\t\t\t\t\t\t\t<h3 style=\"text-align: center;\"><span style=\"color: #ffffff;\">POL\u00cdTICA DE CALIDAD<\/span><\/h3>\t\t\t\t\t\t\t\t<\/div>\n\t\t\t\t<\/div>\n\t\t\t\t<div class=\"elementor-element elementor-element-d095b05 elementor-widget elementor-widget-text-editor\" data-id=\"d095b05\" data-element_type=\"widget\" data-e-type=\"widget\" data-widget_type=\"text-editor.default\">\n\t\t\t\t<div class=\"elementor-widget-container\">\n\t\t\t\t\t\t\t\t\t<p style=\"text-align: center;\"><span style=\"color: #ffffff;\"><b>1.Excelencia y Seguridad del Producto:<\/b> Proporcionar servicios de reencauche que garanticen la seguridad vial, el desempe\u00f1o kilom\u00e9trico y la confiabilidad operativa, cumpliendo estrictamente con las especificaciones t\u00e9cnicas y los requisitos de nuestros clientes.<\/span><\/p>\t\t\t\t\t\t\t\t<\/div>\n\t\t\t\t<\/div>\n\t\t\t\t<div class=\"elementor-element elementor-element-42cc8f1 elementor-widget elementor-widget-text-editor\" data-id=\"42cc8f1\" data-element_type=\"widget\" data-e-type=\"widget\" data-widget_type=\"text-editor.default\">\n\t\t\t\t<div class=\"elementor-widget-container\">\n\t\t\t\t\t\t\t\t\t<p style=\"text-align: center;\"><span style=\"color: #ffffff;\"><b>2. Compromiso Clim\u00e1tico y Econom\u00eda Circular:<\/b><strong> Reconocemos el impacto del cambio clim\u00e1tico en nuestro contexto. Nos comprometemos a contribuir activamente a su mitigaci\u00f3n extendiendo la vida \u00fatil de los neum\u00e1ticos, reduciendo la generaci\u00f3n de residuos (NFU) y optimizando nuestro consumo energ\u00e9tico para minimizar nuestra huella de carbono.<\/strong><\/span><\/p>\t\t\t\t\t\t\t\t<\/div>\n\t\t\t\t<\/div>\n\t\t\t\t<div class=\"elementor-element elementor-element-5f13431 elementor-widget elementor-widget-text-editor\" data-id=\"5f13431\" data-element_type=\"widget\" data-e-type=\"widget\" data-widget_type=\"text-editor.default\">\n\t\t\t\t<div class=\"elementor-widget-container\">\n\t\t\t\t\t\t\t\t\t<p style=\"text-align: center;\"><span style=\"color: #ffffff;\"><b>3. Cumplimiento Normativo:<\/b><strong> Satisfacer puntualmente todos los requisitos legales y reglamentarios aplicables, incluyendo las normativas de tr\u00e1nsito, ambientales y de Responsabilidad Extendida del Productor (REP) vigentes en Ecuador.<\/strong><\/span><\/p>\t\t\t\t\t\t\t\t<\/div>\n\t\t\t\t<\/div>\n\t\t\t\t<div class=\"elementor-element elementor-element-3fbdd9b elementor-widget elementor-widget-text-editor\" data-id=\"3fbdd9b\" data-element_type=\"widget\" data-e-type=\"widget\" data-widget_type=\"text-editor.default\">\n\t\t\t\t<div class=\"elementor-widget-container\">\n\t\t\t\t\t\t\t\t\t<p style=\"text-align: center;\"><span style=\"color: #ffffff;\"><b>4. Mejora Continua:<\/b><strong> Impulsar la mejora permanente de nuestro Sistema de Gesti\u00f3n de Calidad, gestionando riesgos y oportunidades para asegurar la rentabilidad y la continuidad del negocio frente a los desaf\u00edos del entorno.<\/strong><\/span><\/p>\t\t\t\t\t\t\t\t<\/div>\n\t\t\t\t<\/div>\n\t\t\t\t<div class=\"elementor-element elementor-element-025c084 elementor-widget elementor-widget-text-editor\" data-id=\"025c084\" data-element_type=\"widget\" data-e-type=\"widget\" data-widget_type=\"text-editor.default\">\n\t\t\t\t<div class=\"elementor-widget-container\">\n\t\t\t\t\t\t\t\t\t<p style=\"text-align: center;\"><span style=\"color: #ffffff;\"><strong><em><u>\u201cEn ISOLLANTA reencauchamos seguridad, cuidamos el clima y mejoramos siempre\u201d<\/u><\/em><\/strong><\/span><\/p><p>\u00a0<\/p><p>\u00a0<\/p>\t\t\t\t\t\t\t\t<\/div>\n\t\t\t\t<\/div>\n\t\t\t\t<\/div>\n\t\t\t\t<\/div>\n\t\t","protected":false},"excerpt":{"rendered":"<p>\u00bfQUI\u00c9NES SOMOS? Isollanta es una empresa con m\u00e1s de 30 a\u00f1os en el mercado. Somos especialistas en reencauche de todo tipo de neum\u00e1ticos. Actualmente pioneros y \u00fanicos con tecnolog\u00eda para reencauche y reparaci\u00f3n de llantas gigantes OTR de miner\u00eda, construcci\u00f3n, industriales, agr\u00edcolas y todo tipo de veh\u00edculos en Ecuador. MISI\u00d3N Servir al mercado automotriz con&hellip;&nbsp;<a href=\"https:\/\/isollanta.com\/?page_id=85\" rel=\"bookmark\">Read More &raquo;<span class=\"screen-reader-text\">LA EMPRESA<\/span><\/a><\/p>\n","protected":false},"author":2,"featured_media":0,"parent":0,"menu_order":0,"comment_status":"closed","ping_status":"closed","template":"page-templates\/template-pagebuilder-full-width.php","meta":{"neve_meta_sidebar":"","neve_meta_container":"","neve_meta_enable_content_width":"","neve_meta_content_width":0,"neve_meta_title_alignment":"","neve_meta_author_avatar":"","neve_post_elements_order":"","neve_meta_disable_header":"","neve_meta_disable_footer":"","neve_meta_disable_title":"","footnotes":""},"class_list":["post-85","page","type-page","status-publish","hentry"],"_links":{"self":[{"href":"https:\/\/isollanta.com\/index.php?rest_route=\/wp\/v2\/pages\/85","targetHints":{"allow":["GET"]}}],"collection":[{"href":"https:\/\/isollanta.com\/index.php?rest_route=\/wp\/v2\/pages"}],"about":[{"href":"https:\/\/isollanta.com\/index.php?rest_route=\/wp\/v2\/types\/page"}],"author":[{"embeddable":true,"href":"https:\/\/isollanta.com\/index.php?rest_route=\/wp\/v2\/users\/2"}],"replies":[{"embeddable":true,"href":"https:\/\/isollanta.com\/index.php?rest_route=%2Fwp%2Fv2%2Fcomments&post=85"}],"version-history":[{"count":64,"href":"https:\/\/isollanta.com\/index.php?rest_route=\/wp\/v2\/pages\/85\/revisions"}],"predecessor-version":[{"id":1401,"href":"https:\/\/isollanta.com\/index.php?rest_route=\/wp\/v2\/pages\/85\/revisions\/1401"}],"wp:attachment":[{"href":"https:\/\/isollanta.com\/index.php?rest_route=%2Fwp%2Fv2%2Fmedia&parent=85"}],"curies":[{"name":"wp","href":"https:\/\/api.w.org\/{rel}","templated":true}]}}