{"id":91,"date":"2023-10-10T04:21:22","date_gmt":"2023-10-10T04:21:22","guid":{"rendered":"https:\/\/isollanta.com\/?page_id=91"},"modified":"2024-05-18T20:07:23","modified_gmt":"2024-05-18T20:07:23","slug":"reencauche-otr","status":"publish","type":"page","link":"https:\/\/isollanta.com\/?page_id=91","title":{"rendered":"REENCAUCHE OTR"},"content":{"rendered":"\t\t<div data-elementor-type=\"wp-page\" data-elementor-id=\"91\" class=\"elementor elementor-91\" data-elementor-post-type=\"page\">\n\t\t\t\t<div class=\"elementor-element elementor-element-76eeb35 e-flex e-con-boxed e-con e-parent\" data-id=\"76eeb35\" data-element_type=\"container\" data-e-type=\"container\" data-settings=\"{&quot;background_background&quot;:&quot;classic&quot;}\">\n\t\t\t\t\t<div class=\"e-con-inner\">\n\t\t\t\t<div class=\"elementor-element elementor-element-0470ec1 elementor-widget elementor-widget-image\" data-id=\"0470ec1\" data-element_type=\"widget\" data-e-type=\"widget\" data-widget_type=\"image.default\">\n\t\t\t\t<div class=\"elementor-widget-container\">\n\t\t\t\t\t\t\t\t\t\t\t\t\t\t\t<img decoding=\"async\" width=\"233\" height=\"195\" src=\"https:\/\/isollanta.com\/wp-content\/uploads\/2023\/10\/Isollanta_OtrIcon.png\" class=\"attachment-full size-full wp-image-232\" alt=\"\" \/>\t\t\t\t\t\t\t\t\t\t\t\t\t\t\t<\/div>\n\t\t\t\t<\/div>\n\t\t\t\t\t<\/div>\n\t\t\t\t<\/div>\n\t\t<div class=\"elementor-element elementor-element-462c333 e-flex e-con-boxed e-con e-parent\" data-id=\"462c333\" data-element_type=\"container\" data-e-type=\"container\">\n\t\t\t\t\t<div class=\"e-con-inner\">\n\t\t\t\t<div class=\"elementor-element elementor-element-083230b elementor-widget elementor-widget-image\" data-id=\"083230b\" data-element_type=\"widget\" data-e-type=\"widget\" data-widget_type=\"image.default\">\n\t\t\t\t<div class=\"elementor-widget-container\">\n\t\t\t\t\t\t\t\t\t\t\t\t\t\t\t<img fetchpriority=\"high\" decoding=\"async\" width=\"2052\" height=\"555\" src=\"https:\/\/isollanta.com\/wp-content\/uploads\/2023\/10\/Isollanta_OtrLetters.jpg\" class=\"attachment-full size-full wp-image-235\" alt=\"\" srcset=\"https:\/\/isollanta.com\/wp-content\/uploads\/2023\/10\/Isollanta_OtrLetters.jpg 2052w, https:\/\/isollanta.com\/wp-content\/uploads\/2023\/10\/Isollanta_OtrLetters-300x81.jpg 300w, https:\/\/isollanta.com\/wp-content\/uploads\/2023\/10\/Isollanta_OtrLetters-1024x277.jpg 1024w, https:\/\/isollanta.com\/wp-content\/uploads\/2023\/10\/Isollanta_OtrLetters-768x208.jpg 768w, https:\/\/isollanta.com\/wp-content\/uploads\/2023\/10\/Isollanta_OtrLetters-1536x415.jpg 1536w, https:\/\/isollanta.com\/wp-content\/uploads\/2023\/10\/Isollanta_OtrLetters-2048x554.jpg 2048w\" sizes=\"(max-width: 2052px) 100vw, 2052px\" \/>\t\t\t\t\t\t\t\t\t\t\t\t\t\t\t<\/div>\n\t\t\t\t<\/div>\n\t\t\t\t\t<\/div>\n\t\t\t\t<\/div>\n\t\t<div class=\"elementor-element elementor-element-4ee5bc9 e-flex e-con-boxed e-con e-parent\" data-id=\"4ee5bc9\" data-element_type=\"container\" data-e-type=\"container\" data-settings=\"{&quot;background_background&quot;:&quot;classic&quot;}\">\n\t\t\t\t\t<div class=\"e-con-inner\">\n\t\t\t\t<div class=\"elementor-element elementor-element-3dcb693 elementor-widget elementor-widget-heading\" data-id=\"3dcb693\" data-element_type=\"widget\" data-e-type=\"widget\" data-widget_type=\"heading.default\">\n\t\t\t\t<div class=\"elementor-widget-container\">\n\t\t\t\t\t<h3 class=\"elementor-heading-title elementor-size-default\"><font style=\"font-weight: 500\">\"ISOLLANTA REENCAUCHE OFF THE ROAD-OTR\n\"<\/font>  Rendimiento similar y menor costo por hora que la llanta nueva.\nLa actividad OTR demanda trabajos complejos, donde diferentes equipos cumplen una funci\u00f3n determinada. Un ejemplo de ello son los camiones mineros, construcci\u00f3n, industriales y agr\u00edcolas. En esa l\u00ednea, el neum\u00e1tico juega un rol importante porque garantiza la seguridad y el desplazamiento del recurso extra\u00eddo.<\/h3>\t\t\t\t<\/div>\n\t\t\t\t<\/div>\n\t\t\t\t\t<\/div>\n\t\t\t\t<\/div>\n\t\t\t\t<\/div>\n\t\t","protected":false},"excerpt":{"rendered":"<p>&#8220;ISOLLANTA REENCAUCHE OFF THE ROAD-OTR &#8220; Rendimiento similar y menor costo por hora que la llanta nueva. La actividad OTR demanda trabajos complejos, donde diferentes equipos cumplen una funci\u00f3n determinada. Un ejemplo de ello son los camiones mineros, construcci\u00f3n, industriales y agr\u00edcolas. En esa l\u00ednea, el neum\u00e1tico juega un rol importante porque garantiza la seguridad&hellip;&nbsp;<a href=\"https:\/\/isollanta.com\/?page_id=91\" rel=\"bookmark\">Read More &raquo;<span class=\"screen-reader-text\">REENCAUCHE OTR<\/span><\/a><\/p>\n","protected":false},"author":2,"featured_media":0,"parent":0,"menu_order":0,"comment_status":"closed","ping_status":"closed","template":"page-templates\/template-pagebuilder-full-width.php","meta":{"neve_meta_sidebar":"","neve_meta_container":"","neve_meta_enable_content_width":"","neve_meta_content_width":0,"neve_meta_title_alignment":"","neve_meta_author_avatar":"","neve_post_elements_order":"","neve_meta_disable_header":"","neve_meta_disable_footer":"","neve_meta_disable_title":"","footnotes":""},"class_list":["post-91","page","type-page","status-publish","hentry"],"_links":{"self":[{"href":"https:\/\/isollanta.com\/index.php?rest_route=\/wp\/v2\/pages\/91","targetHints":{"allow":["GET"]}}],"collection":[{"href":"https:\/\/isollanta.com\/index.php?rest_route=\/wp\/v2\/pages"}],"about":[{"href":"https:\/\/isollanta.com\/index.php?rest_route=\/wp\/v2\/types\/page"}],"author":[{"embeddable":true,"href":"https:\/\/isollanta.com\/index.php?rest_route=\/wp\/v2\/users\/2"}],"replies":[{"embeddable":true,"href":"https:\/\/isollanta.com\/index.php?rest_route=%2Fwp%2Fv2%2Fcomments&post=91"}],"version-history":[{"count":16,"href":"https:\/\/isollanta.com\/index.php?rest_route=\/wp\/v2\/pages\/91\/revisions"}],"predecessor-version":[{"id":756,"href":"https:\/\/isollanta.com\/index.php?rest_route=\/wp\/v2\/pages\/91\/revisions\/756"}],"wp:attachment":[{"href":"https:\/\/isollanta.com\/index.php?rest_route=%2Fwp%2Fv2%2Fmedia&parent=91"}],"curies":[{"name":"wp","href":"https:\/\/api.w.org\/{rel}","templated":true}]}}