{"id":93,"date":"2023-10-10T04:21:48","date_gmt":"2023-10-10T04:21:48","guid":{"rendered":"https:\/\/isollanta.com\/?page_id=93"},"modified":"2024-12-11T16:58:50","modified_gmt":"2024-12-11T16:58:50","slug":"flotas","status":"publish","type":"page","link":"https:\/\/isollanta.com\/?page_id=93","title":{"rendered":"FLOTAS"},"content":{"rendered":"\t\t<div data-elementor-type=\"wp-page\" data-elementor-id=\"93\" class=\"elementor elementor-93\" data-elementor-post-type=\"page\">\n\t\t\t\t<div class=\"elementor-element elementor-element-4a07b66 e-flex e-con-boxed e-con e-parent\" data-id=\"4a07b66\" data-element_type=\"container\" data-e-type=\"container\" data-settings=\"{&quot;background_background&quot;:&quot;classic&quot;}\">\n\t\t\t\t\t<div class=\"e-con-inner\">\n\t\t\t\t\t<\/div>\n\t\t\t\t<\/div>\n\t\t<div class=\"elementor-element elementor-element-e043d6a e-flex e-con-boxed e-con e-parent\" data-id=\"e043d6a\" data-element_type=\"container\" data-e-type=\"container\" data-settings=\"{&quot;background_background&quot;:&quot;classic&quot;}\">\n\t\t\t\t\t<div class=\"e-con-inner\">\n\t\t\t\t<div class=\"elementor-element elementor-element-1376159 elementor-widget elementor-widget-heading\" data-id=\"1376159\" data-element_type=\"widget\" data-e-type=\"widget\" data-widget_type=\"heading.default\">\n\t\t\t\t<div class=\"elementor-widget-container\">\n\t\t\t\t\t<h3 class=\"elementor-heading-title elementor-size-default\">AN\u00c1LISIS DE FLOTAS<\/h3>\t\t\t\t<\/div>\n\t\t\t\t<\/div>\n\t\t\t\t<div class=\"elementor-element elementor-element-c8e05c7 elementor-widget-divider--view-line elementor-widget elementor-widget-divider\" data-id=\"c8e05c7\" data-element_type=\"widget\" data-e-type=\"widget\" data-widget_type=\"divider.default\">\n\t\t\t\t<div class=\"elementor-widget-container\">\n\t\t\t\t\t\t\t<div class=\"elementor-divider\">\n\t\t\t<span class=\"elementor-divider-separator\">\n\t\t\t\t\t\t<\/span>\n\t\t<\/div>\n\t\t\t\t\t\t<\/div>\n\t\t\t\t<\/div>\n\t\t\t\t\t<\/div>\n\t\t\t\t<\/div>\n\t\t<div class=\"elementor-element elementor-element-9f4b788 e-flex e-con-boxed e-con e-parent\" data-id=\"9f4b788\" data-element_type=\"container\" data-e-type=\"container\" data-settings=\"{&quot;background_background&quot;:&quot;classic&quot;}\">\n\t\t\t\t\t<div class=\"e-con-inner\">\n\t\t\t\t<div class=\"elementor-element elementor-element-f5b77fe elementor-widget elementor-widget-heading\" data-id=\"f5b77fe\" data-element_type=\"widget\" data-e-type=\"widget\" data-widget_type=\"heading.default\">\n\t\t\t\t<div class=\"elementor-widget-container\">\n\t\t\t\t\t<h3 class=\"elementor-heading-title elementor-size-default\">Proporcionamos asistencia t\u00e9cnica desde la manufactura hasta la soluci\u00f3n\nde consultas para optimizar el rendimiento de nuestros productos\ny atender las necesidades de los clientes.<\/h3>\t\t\t\t<\/div>\n\t\t\t\t<\/div>\n\t\t\t\t\t<\/div>\n\t\t\t\t<\/div>\n\t\t<div class=\"elementor-element elementor-element-957bc3c e-flex e-con-boxed e-con e-parent\" data-id=\"957bc3c\" data-element_type=\"container\" data-e-type=\"container\" data-settings=\"{&quot;background_background&quot;:&quot;classic&quot;}\">\n\t\t\t\t\t<div class=\"e-con-inner\">\n\t\t\t\t<div class=\"elementor-element elementor-element-9e695a2 elementor-widget elementor-widget-image\" data-id=\"9e695a2\" data-element_type=\"widget\" data-e-type=\"widget\" data-widget_type=\"image.default\">\n\t\t\t\t<div class=\"elementor-widget-container\">\n\t\t\t\t\t\t\t\t\t\t\t\t\t\t\t<img fetchpriority=\"high\" decoding=\"async\" width=\"1280\" height=\"960\" src=\"https:\/\/isollanta.com\/wp-content\/uploads\/2024\/12\/WhatsApp-Image-2024-12-11-at-11.08.22-AM.jpeg\" class=\"attachment-full size-full wp-image-1363\" alt=\"\" srcset=\"https:\/\/isollanta.com\/wp-content\/uploads\/2024\/12\/WhatsApp-Image-2024-12-11-at-11.08.22-AM.jpeg 1280w, https:\/\/isollanta.com\/wp-content\/uploads\/2024\/12\/WhatsApp-Image-2024-12-11-at-11.08.22-AM-300x225.jpeg 300w, https:\/\/isollanta.com\/wp-content\/uploads\/2024\/12\/WhatsApp-Image-2024-12-11-at-11.08.22-AM-1024x768.jpeg 1024w, https:\/\/isollanta.com\/wp-content\/uploads\/2024\/12\/WhatsApp-Image-2024-12-11-at-11.08.22-AM-768x576.jpeg 768w\" sizes=\"(max-width: 1280px) 100vw, 1280px\" \/>\t\t\t\t\t\t\t\t\t\t\t\t\t\t\t<\/div>\n\t\t\t\t<\/div>\n\t\t\t\t\t<\/div>\n\t\t\t\t<\/div>\n\t\t<div class=\"elementor-element elementor-element-bfb0455 e-flex e-con-boxed e-con e-parent\" data-id=\"bfb0455\" data-element_type=\"container\" data-e-type=\"container\" data-settings=\"{&quot;background_background&quot;:&quot;classic&quot;}\">\n\t\t\t\t\t<div class=\"e-con-inner\">\n\t\t\t\t<div class=\"elementor-element elementor-element-79ae4b2 elementor-widget elementor-widget-heading\" data-id=\"79ae4b2\" data-element_type=\"widget\" data-e-type=\"widget\" data-widget_type=\"heading.default\">\n\t\t\t\t<div class=\"elementor-widget-container\">\n\t\t\t\t\t<h3 class=\"elementor-heading-title elementor-size-default\">VEH\u00cdCULO DE ASISTENCIA T\u00c9CNICA<br>\n(VAT)<\/h3>\t\t\t\t<\/div>\n\t\t\t\t<\/div>\n\t\t\t\t<div class=\"elementor-element elementor-element-8e7a349 elementor-widget-divider--view-line elementor-widget elementor-widget-divider\" data-id=\"8e7a349\" data-element_type=\"widget\" data-e-type=\"widget\" data-widget_type=\"divider.default\">\n\t\t\t\t<div class=\"elementor-widget-container\">\n\t\t\t\t\t\t\t<div class=\"elementor-divider\">\n\t\t\t<span class=\"elementor-divider-separator\">\n\t\t\t\t\t\t<\/span>\n\t\t<\/div>\n\t\t\t\t\t\t<\/div>\n\t\t\t\t<\/div>\n\t\t\t\t\t<\/div>\n\t\t\t\t<\/div>\n\t\t<div class=\"elementor-element elementor-element-504c660 e-flex e-con-boxed e-con e-parent\" data-id=\"504c660\" data-element_type=\"container\" data-e-type=\"container\">\n\t\t\t\t\t<div class=\"e-con-inner\">\n\t\t<div class=\"elementor-element elementor-element-19b8999 e-con-full e-flex e-con e-child\" data-id=\"19b8999\" data-element_type=\"container\" data-e-type=\"container\">\n\t\t\t\t<div class=\"elementor-element elementor-element-8200ec3 elementor-widget elementor-widget-image\" data-id=\"8200ec3\" data-element_type=\"widget\" data-e-type=\"widget\" data-widget_type=\"image.default\">\n\t\t\t\t<div class=\"elementor-widget-container\">\n\t\t\t\t\t\t\t\t\t\t\t\t\t\t\t<img decoding=\"async\" width=\"891\" height=\"1225\" src=\"https:\/\/isollanta.com\/wp-content\/uploads\/2023\/10\/Isollanta_Flotas_Persona.png\" class=\"attachment-full size-full wp-image-251\" alt=\"\" srcset=\"https:\/\/isollanta.com\/wp-content\/uploads\/2023\/10\/Isollanta_Flotas_Persona.png 891w, https:\/\/isollanta.com\/wp-content\/uploads\/2023\/10\/Isollanta_Flotas_Persona-218x300.png 218w, https:\/\/isollanta.com\/wp-content\/uploads\/2023\/10\/Isollanta_Flotas_Persona-745x1024.png 745w, https:\/\/isollanta.com\/wp-content\/uploads\/2023\/10\/Isollanta_Flotas_Persona-768x1056.png 768w\" sizes=\"(max-width: 891px) 100vw, 891px\" \/>\t\t\t\t\t\t\t\t\t\t\t\t\t\t\t<\/div>\n\t\t\t\t<\/div>\n\t\t\t\t<\/div>\n\t\t<div class=\"elementor-element elementor-element-c0137d1 e-con-full e-flex e-con e-child\" data-id=\"c0137d1\" data-element_type=\"container\" data-e-type=\"container\">\n\t\t\t\t<div class=\"elementor-element elementor-element-8a988d8 elementor-widget elementor-widget-heading\" data-id=\"8a988d8\" data-element_type=\"widget\" data-e-type=\"widget\" data-widget_type=\"heading.default\">\n\t\t\t\t<div class=\"elementor-widget-container\">\n\t\t\t\t\t<h3 class=\"elementor-heading-title elementor-size-default\">El Veh\u00edculo de Asistencia T\u00e9cnica VAT es un novedoso sistema de servicio t\u00e9cnico para la flota de cualquier tipo de veh\u00edculos (excluye OTR) dentro de las propias instalaciones del cliente.<br><br>\nCon este servicio se economizar\u00e1 tiempo y dinero en sus operaciones de mantenimiento de neum\u00e1ticos.<br><br>\n\nEs un servicio que prolonga la vida \u00fatil de los neum\u00e1ticos, proporcionando mayor durabilidad y rendimiento kilom\u00e9trico. Evitar\u00e1 el desplazamiento de equipos y personal en altas horas de productividad.\n\nServicios:<br><br>\n\n\u2022  Montaje, desmontaje y rotaci\u00f3n<br>\n\u2022\tServicio de Balanceo. En futuro<br>ALINEACION, lubricaci\u00f3n y bater\u00edas para veh\u00edculos livianos<br>\n\u2022  Calibraci\u00f3n de presi\u00f3n<br>\n\u2022  Inspecci\u00f3n t\u00e9cnica de llantas<\/h3>\t\t\t\t<\/div>\n\t\t\t\t<\/div>\n\t\t\t\t<\/div>\n\t\t\t\t\t<\/div>\n\t\t\t\t<\/div>\n\t\t\t\t<\/div>\n\t\t","protected":false},"excerpt":{"rendered":"<p>AN\u00c1LISIS DE FLOTAS Proporcionamos asistencia t\u00e9cnica desde la manufactura hasta la soluci\u00f3n de consultas para optimizar el rendimiento de nuestros productos y atender las necesidades de los clientes. VEH\u00cdCULO DE ASISTENCIA T\u00c9CNICA (VAT) El Veh\u00edculo de Asistencia T\u00e9cnica VAT es un novedoso sistema de servicio t\u00e9cnico para la flota de cualquier tipo de veh\u00edculos (excluye&hellip;&nbsp;<a href=\"https:\/\/isollanta.com\/?page_id=93\" rel=\"bookmark\">Read More &raquo;<span class=\"screen-reader-text\">FLOTAS<\/span><\/a><\/p>\n","protected":false},"author":2,"featured_media":0,"parent":0,"menu_order":0,"comment_status":"closed","ping_status":"closed","template":"page-templates\/template-pagebuilder-full-width.php","meta":{"neve_meta_sidebar":"","neve_meta_container":"","neve_meta_enable_content_width":"","neve_meta_content_width":0,"neve_meta_title_alignment":"","neve_meta_author_avatar":"","neve_post_elements_order":"","neve_meta_disable_header":"","neve_meta_disable_footer":"","neve_meta_disable_title":"","footnotes":""},"class_list":["post-93","page","type-page","status-publish","hentry"],"_links":{"self":[{"href":"https:\/\/isollanta.com\/index.php?rest_route=\/wp\/v2\/pages\/93","targetHints":{"allow":["GET"]}}],"collection":[{"href":"https:\/\/isollanta.com\/index.php?rest_route=\/wp\/v2\/pages"}],"about":[{"href":"https:\/\/isollanta.com\/index.php?rest_route=\/wp\/v2\/types\/page"}],"author":[{"embeddable":true,"href":"https:\/\/isollanta.com\/index.php?rest_route=\/wp\/v2\/users\/2"}],"replies":[{"embeddable":true,"href":"https:\/\/isollanta.com\/index.php?rest_route=%2Fwp%2Fv2%2Fcomments&post=93"}],"version-history":[{"count":34,"href":"https:\/\/isollanta.com\/index.php?rest_route=\/wp\/v2\/pages\/93\/revisions"}],"predecessor-version":[{"id":1366,"href":"https:\/\/isollanta.com\/index.php?rest_route=\/wp\/v2\/pages\/93\/revisions\/1366"}],"wp:attachment":[{"href":"https:\/\/isollanta.com\/index.php?rest_route=%2Fwp%2Fv2%2Fmedia&parent=93"}],"curies":[{"name":"wp","href":"https:\/\/api.w.org\/{rel}","templated":true}]}}